{"id":31130,"date":"2025-04-18T17:16:56","date_gmt":"2025-04-18T17:16:56","guid":{"rendered":"https:\/\/www.eggo.be\/?page_id=31130"},"modified":"2025-07-07T09:36:29","modified_gmt":"2025-07-07T09:36:29","slug":"brabant-flamand","status":"publish","type":"page","link":"https:\/\/www.eggo.be\/fr\/nos-showrooms\/brabant-flamand\/","title":{"rendered":"Magasins \u00e8ggo\u00a0dans la province du\u00a0Brabant Flamand"},"content":{"rendered":"\t\t<div data-elementor-type=\"wp-page\" data-elementor-id=\"31130\" class=\"elementor elementor-31130\" data-elementor-post-type=\"page\">\n\t\t\t\t<div class=\"elementor-element elementor-element-5536ab9 e-flex e-con-boxed e-con e-parent\" data-id=\"5536ab9\" data-element_type=\"container\" data-e-type=\"container\">\n\t\t\t\t\t<div class=\"e-con-inner\">\n\t\t<div class=\"elementor-element elementor-element-8307b54 e-con-full e-flex e-con e-child\" data-id=\"8307b54\" data-element_type=\"container\" data-e-type=\"container\">\n\t\t\t\t<div class=\"elementor-element elementor-element-47b4346 elementor-widget elementor-widget-heading\" data-id=\"47b4346\" data-element_type=\"widget\" data-e-type=\"widget\" data-widget_type=\"heading.default\">\n\t\t\t\t<div class=\"elementor-widget-container\">\n\t\t\t\t\t<h1 class=\"elementor-heading-title elementor-size-default\">Magasins \u00e8ggo dans la province du Brabant Flamand\n<\/h1>\t\t\t\t<\/div>\n\t\t\t\t<\/div>\n\t\t\t\t<div class=\"elementor-element elementor-element-131bd9c elementor-widget elementor-widget-text-editor\" data-id=\"131bd9c\" data-element_type=\"widget\" data-e-type=\"widget\" data-widget_type=\"text-editor.default\">\n\t\t\t\t<div class=\"elementor-widget-container\">\n\t\t\t\t\t\t\t\t\t<p>Vous recherchez un\u00a0<strong>magasin \u00e8ggo<\/strong>\u00a0\u00e0\u00a0<strong>Brabant Flamand<\/strong>? Ci-dessous la liste de tous les magasin dans la province du Brabant Flamand. Gr\u00e2ce \u00e0 notre vaste r\u00e9seau de plus de 50 showrooms r\u00e9partis dans toute la Belgique, et notamment dans la r\u00e9gion du Brabant Flamand, vous trouverez sans nul doute votre conseiller \u00e8ggo en\u00a0<a href=\"https:\/\/www.eggo.be\/fr\/cuisines\">cuisine<\/a>\u00a0ou en\u00a0<a href=\"https:\/\/www.eggo.be\/fr\/placard\">placard<\/a>\u00a0\u00e0 proximit\u00e9 de chez vous. D\u00e9couvrez notre gamme de cuisines et dressings sur mesure et obtenez des conseils de nos experts.<\/p>\t\t\t\t\t\t\t\t<\/div>\n\t\t\t\t<\/div>\n\t\t\t\t<\/div>\n\t\t<div class=\"elementor-element elementor-element-52432f6 e-con-full e-flex e-con e-child\" data-id=\"52432f6\" data-element_type=\"container\" data-e-type=\"container\">\n\t\t\t\t<div class=\"elementor-element elementor-element-0f865b5 elementor-widget elementor-widget-image\" data-id=\"0f865b5\" data-element_type=\"widget\" data-e-type=\"widget\" data-widget_type=\"image.default\">\n\t\t\t\t<div class=\"elementor-widget-container\">\n\t\t\t\t\t\t\t\t\t\t\t\t\t\t\t<img decoding=\"async\" width=\"350\" height=\"211\" src=\"https:\/\/www.eggo.be\/wp-content\/uploads\/2025\/04\/eggo-namur-magasin-cuisines-placards-dressings.png\" class=\"attachment-full size-full wp-image-31039\" alt=\"Une tablette blanche affiche une carte avec un marqueur rouge localisant Namur, accompagn\u00e9e de deux ic\u00f4nes de localisation.\" srcset=\"https:\/\/www.eggo.be\/wp-content\/uploads\/2025\/04\/eggo-namur-magasin-cuisines-placards-dressings.png 350w, https:\/\/www.eggo.be\/wp-content\/uploads\/2025\/04\/eggo-namur-magasin-cuisines-placards-dressings-300x181.png 300w\" sizes=\"(max-width: 350px) 100vw, 350px\" \/>\t\t\t\t\t\t\t\t\t\t\t\t\t\t\t<\/div>\n\t\t\t\t<\/div>\n\t\t\t\t<\/div>\n\t\t\t\t\t<\/div>\n\t\t\t\t<\/div>\n\t\t<div class=\"elementor-element elementor-element-365f071 e-flex e-con-boxed e-con e-parent\" data-id=\"365f071\" data-element_type=\"container\" data-e-type=\"container\" data-settings=\"{&quot;background_background&quot;:&quot;classic&quot;}\">\n\t\t\t\t\t<div class=\"e-con-inner\">\n\t\t\t\t<div class=\"elementor-element elementor-element-d4cb48d elementor-widget elementor-widget-heading\" data-id=\"d4cb48d\" data-element_type=\"widget\" data-e-type=\"widget\" data-widget_type=\"heading.default\">\n\t\t\t\t<div class=\"elementor-widget-container\">\n\t\t\t\t\t<h2 class=\"elementor-heading-title elementor-size-default\">Trouvez votre showroom \u00e8ggo \u00e0 proximit\u00e9 de votre ville dans la province du Brabant Flamand\n<\/h2>\t\t\t\t<\/div>\n\t\t\t\t<\/div>\n\t\t<div class=\"elementor-element elementor-element-05f4e09 e-con-full e-flex e-con e-child\" data-id=\"05f4e09\" data-element_type=\"container\" data-e-type=\"container\">\n\t\t\t\t<div class=\"elementor-element elementor-element-6d4e8c0 elementor-widget__width-initial elementor-widget elementor-widget-text-editor\" data-id=\"6d4e8c0\" data-element_type=\"widget\" data-e-type=\"widget\" data-widget_type=\"text-editor.default\">\n\t\t\t\t<div class=\"elementor-widget-container\">\n\t\t\t\t\t\t\t\t\t<a href=\"https:\/\/www.eggo.be\/fr\/nos-showrooms?city=Louvain\">Louvain<\/a>\n<br \/><a href=\"https:\/\/www.eggo.be\/fr\/nos-showrooms?city=Dilbeek\">Dilbeek<\/a>\n<br \/><a href=\"https:\/\/www.eggo.be\/fr\/nos-showrooms?city=Vilvorde\">Vilvorde<\/a>\n<br \/><a href=\"https:\/\/www.eggo.be\/fr\/nos-showrooms?city=Hal\">Hal<\/a>\n<br \/><a href=\"https:\/\/www.eggo.be\/fr\/nos-showrooms?city=Grimbergen\">Grimbergen<\/a>\n<br \/><a href=\"https:\/\/www.eggo.be\/fr\/nos-showrooms?city=Tirlemont\">Tirlemont<\/a>\n<br \/><a href=\"https:\/\/www.eggo.be\/fr\/nos-showrooms?city=Leeuw-Saint-Pierre\">Leeuw-Saint-Pierre<\/a>\n<br \/><a href=\"https:\/\/www.eggo.be\/fr\/nos-showrooms?city=Asse\">Asse<\/a>\n<br \/><a href=\"https:\/\/www.eggo.be\/fr\/nos-showrooms?city=Zaventem\">Zaventem<\/a>\n<br \/><a href=\"https:\/\/www.eggo.be\/fr\/nos-showrooms?city=Aarschot\">Aarschot<\/a>\t\t\t\t\t\t\t\t<\/div>\n\t\t\t\t<\/div>\n\t\t\t\t<div class=\"elementor-element elementor-element-dba584f elementor-widget__width-initial elementor-widget elementor-widget-text-editor\" data-id=\"dba584f\" data-element_type=\"widget\" data-e-type=\"widget\" data-widget_type=\"text-editor.default\">\n\t\t\t\t<div class=\"elementor-widget-container\">\n\t\t\t\t\t\t\t\t\t<a href=\"https:\/\/www.eggo.be\/fr\/nos-showrooms?city=Overijse\">Overijse<\/a>\n<br \/><a href=\"https:\/\/www.eggo.be\/fr\/nos-showrooms?city=Beersel\">Beersel<\/a>\n<br \/><a href=\"https:\/\/www.eggo.be\/fr\/nos-showrooms?city=Diest\">Diest<\/a>\n<br \/><a href=\"https:\/\/www.eggo.be\/fr\/nos-showrooms?city=Montaigu-Zichem\">Montaigu-Zichem<\/a>\n<br \/><a href=\"https:\/\/www.eggo.be\/fr\/nos-showrooms?city=Zemst\">Zemst<\/a>\n<br \/><a href=\"https:\/\/www.eggo.be\/fr\/nos-showrooms?city=Tervuren\">Tervuren<\/a>\n<br \/><a href=\"https:\/\/www.eggo.be\/fr\/nos-showrooms?city=Herent\">Herent<\/a>\n<br \/><a href=\"https:\/\/www.eggo.be\/fr\/nos-showrooms?city=Kortenberg\">Kortenberg<\/a>\n<br \/><a href=\"https:\/\/www.eggo.be\/fr\/nos-showrooms?city=Meise\">Meise<\/a>\n<br \/><a href=\"https:\/\/www.eggo.be\/fr\/nos-showrooms?city=Rhode-Saint-Gen%C3%A8se\">Rhode-Saint-Gen\u00e8se<\/a>\t\t\t\t\t\t\t\t<\/div>\n\t\t\t\t<\/div>\n\t\t\t\t<div class=\"elementor-element elementor-element-b1d0842 elementor-widget__width-initial elementor-widget elementor-widget-text-editor\" data-id=\"b1d0842\" data-element_type=\"widget\" data-e-type=\"widget\" data-widget_type=\"text-editor.default\">\n\t\t\t\t<div class=\"elementor-widget-container\">\n\t\t\t\t\t\t\t\t\t<a href=\"https:\/\/www.eggo.be\/fr\/nos-showrooms?city=Londerzeel\">Londerzeel<\/a>\n<br \/><a href=\"https:\/\/www.eggo.be\/fr\/nos-showrooms?city=Rotselaar\">Rotselaar<\/a>\n<br \/><a href=\"https:\/\/www.eggo.be\/fr\/nos-showrooms?city=Merchtem\">Merchtem<\/a>\n<br \/><a href=\"https:\/\/www.eggo.be\/fr\/nos-showrooms?city=Landen\">Landen<\/a>\n<br \/><a href=\"https:\/\/www.eggo.be\/fr\/nos-showrooms?city=Wemmel\">Wemmel<\/a>\n<br \/><a href=\"https:\/\/www.eggo.be\/fr\/nos-showrooms?city=Ternat\">Ternat<\/a>\n<br \/><a href=\"https:\/\/www.eggo.be\/fr\/nos-showrooms?city=Tremelo\">Tremelo<\/a>\n<br \/><a href=\"https:\/\/www.eggo.be\/fr\/nos-showrooms?city=Haacht\">Haacht<\/a>\n<br \/><a href=\"https:\/\/www.eggo.be\/fr\/nos-showrooms?city=Lubbeek\">Lubbeek<\/a>\n<br \/><a href=\"https:\/\/www.eggo.be\/fr\/nos-showrooms?city=Wezembeek-Oppem\">Wezembeek-Oppem<\/a>\t\t\t\t\t\t\t\t<\/div>\n\t\t\t\t<\/div>\n\t\t\t\t<div class=\"elementor-element elementor-element-c690775 elementor-widget__width-initial elementor-widget elementor-widget-text-editor\" data-id=\"c690775\" data-element_type=\"widget\" data-e-type=\"widget\" data-widget_type=\"text-editor.default\">\n\t\t\t\t<div class=\"elementor-widget-container\">\n\t\t\t\t\t\t\t\t\t<a href=\"https:\/\/www.eggo.be\/fr\/nos-showrooms?city=Crainhem\">Crainhem<\/a>\n<br \/><a href=\"https:\/\/www.eggo.be\/fr\/nos-showrooms?city=Machelen\">Machelen<\/a>\n<br \/><a href=\"https:\/\/www.eggo.be\/fr\/nos-showrooms?city=Keerbergen\">Keerbergen<\/a>\n<br \/><a href=\"https:\/\/www.eggo.be\/fr\/nos-showrooms?city=Opwijk\">Opwijk<\/a>\n<br \/><a href=\"https:\/\/www.eggo.be\/fr\/nos-showrooms?city=Affligem\">Affligem<\/a>\n<br \/><a href=\"https:\/\/www.eggo.be\/fr\/nos-showrooms?city=Liedekerke\">Liedekerke<\/a>\n<br \/><a href=\"https:\/\/www.eggo.be\/fr\/nos-showrooms?city=Boortmeerbeek\">Boortmeerbeek<\/a>\n<br \/><a href=\"https:\/\/www.eggo.be\/fr\/nos-showrooms?city=Steenokkerzeel\">Steenokkerzeel<\/a>\n<br \/><a href=\"https:\/\/www.eggo.be\/fr\/nos-showrooms?city=Kampenhout\">Kampenhout<\/a>\n<br \/><a href=\"https:\/\/www.eggo.be\/fr\/nos-showrooms?city=Oud-Heverlee\">Oud-Heverlee<\/a>\t\t\t\t\t\t\t\t<\/div>\n\t\t\t\t<\/div>\n\t\t\t\t<\/div>\n\t\t\t\t\t<\/div>\n\t\t\t\t<\/div>\n\t\t<div class=\"elementor-element elementor-element-adae0b5 e-flex e-con-boxed e-con e-parent\" data-id=\"adae0b5\" data-element_type=\"container\" data-e-type=\"container\">\n\t\t\t\t\t<div class=\"e-con-inner\">\n\t\t<div class=\"elementor-element elementor-element-54e3cdd e-con-full e-flex e-con e-child\" data-id=\"54e3cdd\" data-element_type=\"container\" data-e-type=\"container\">\n\t\t\t\t<div class=\"elementor-element elementor-element-6570c57 elementor-widget elementor-widget-heading\" data-id=\"6570c57\" data-element_type=\"widget\" data-e-type=\"widget\" data-widget_type=\"heading.default\">\n\t\t\t\t<div class=\"elementor-widget-container\">\n\t\t\t\t\t<h2 class=\"elementor-heading-title elementor-size-default\">\u00c9v\u00e8nement du showroom<\/h2>\t\t\t\t<\/div>\n\t\t\t\t<\/div>\n\t\t\t\t<div class=\"elementor-element elementor-element-5a39454 elementor-widget elementor-widget-text-editor\" data-id=\"5a39454\" data-element_type=\"widget\" data-e-type=\"widget\" data-widget_type=\"text-editor.default\">\n\t\t\t\t<div class=\"elementor-widget-container\">\n\t\t\t\t\t\t\t\t\t<p>Gr\u00e2ce \u00e0 notre vaste r\u00e9seau de plus de 50 showrooms r\u00e9partis dans toutes les provinces de Belgique, vous trouverez tr\u00e8s certainement un conseiller \u00e8ggo sp\u00e9cialiste des cuisines et placards pr\u00e8s de chez vous. Nous sommes aussi pr\u00e9sents dans&nbsp;le&nbsp;<a href=\"https:\/\/www.eggo.be\/fr\/brabant-wallon\" target=\"_blank\" rel=\"noopener\"><u>Brabant wallon<\/u><\/a>, le&nbsp;<a href=\"https:\/\/www.eggo.be\/fr\/hainaut\" target=\"_blank\" rel=\"noopener\"><u>Hainaut<\/u><\/a>, \u00e0&nbsp;<a href=\"https:\/\/www.eggo.be\/fr\/liege\" target=\"_blank\" rel=\"noopener\"><u>Li\u00e8ge<\/u><\/a>,&nbsp;\u00e0&nbsp;<a href=\"https:\/\/www.eggo.be\/fr\/bruxelles\" target=\"_blank\" rel=\"noopener\"><u>Bruxelles<\/u><\/a>&nbsp;et \u00e0&nbsp;<a href=\"https:\/\/www.eggo.be\/fr\/anvers\" target=\"_blank\" rel=\"noopener\"><u>Anvers<\/u><\/a>, mais aussi dans le&nbsp;<a href=\"https:\/\/www.eggo.be\/fr\/brabant-flamand\" target=\"_blank\" rel=\"noopener\"><u>Brabant flamand<\/u><\/a>, en&nbsp;<a href=\"https:\/\/www.eggo.be\/fr\/flandre-occidentale\" target=\"_blank\" rel=\"noopener\"><u>Flandre occidentale<\/u><\/a>, en&nbsp;<a href=\"https:\/\/www.eggo.be\/fr\/flandre-orientale\" target=\"_blank\" rel=\"noopener\"><u>Flandre orientale<\/u>&nbsp;<\/a>et dans le&nbsp;<a href=\"https:\/\/www.eggo.be\/fr\/limbourg\" target=\"_blank\" rel=\"noopener\"><u>Limbourg<\/u><\/a>.<\/p>\t\t\t\t\t\t\t\t<\/div>\n\t\t\t\t<\/div>\n\t\t\t\t<\/div>\n\t\t<div class=\"elementor-element elementor-element-c4f9cd9 e-con-full e-flex e-con e-child\" data-id=\"c4f9cd9\" data-element_type=\"container\" data-e-type=\"container\">\n\t\t\t\t<div class=\"elementor-element elementor-element-19e2463 elementor-widget elementor-widget-heading\" data-id=\"19e2463\" data-element_type=\"widget\" data-e-type=\"widget\" data-widget_type=\"heading.default\">\n\t\t\t\t<div class=\"elementor-widget-container\">\n\t\t\t\t\t<h2 class=\"elementor-heading-title elementor-size-default\">Recherches associ\u00e9es \u00e0 \u00e8ggo Brabant Flamand\n<\/h2>\t\t\t\t<\/div>\n\t\t\t\t<\/div>\n\t\t\t\t<div class=\"elementor-element elementor-element-cd13163 elementor-widget elementor-widget-text-editor\" data-id=\"cd13163\" data-element_type=\"widget\" data-e-type=\"widget\" data-widget_type=\"text-editor.default\">\n\t\t\t\t<div class=\"elementor-widget-container\">\n\t\t\t\t\t\t\t\t\t<article class=\"page content\"><header class=\"page-header\">\n<div class=\"container\">\n<div class=\"page-meta\">\n<div class=\"summary typeset\">\n<article class=\"page content\"><header class=\"page-header\">\n<div class=\"container\">\n<div class=\"page-meta\">\n<div class=\"summary typeset\">\n<article class=\"page content\"><header class=\"page-header\">\n<div class=\"container\">\n<div class=\"page-meta\">\n<div class=\"summary typeset\">\n<article class=\"page content\"><header class=\"page-header\">\n<div class=\"container\">\n<div class=\"page-meta\">\n<div class=\"summary typeset\">\n<p>cuisine Brabant Flamand, cuisine sur mesure Brabant Flamand, cuisiniste Brabant Flamand, cuisine \u00e9quip\u00e9e Brabant Flamand, cuisine 3D Brabant Flamand, cuisine design Brabant Flamand, cuisine pas cher Brabant Flamand, cuisine belge Brabant Flamand, magasin \u00e9lectrom\u00e9nager Brabant Flamand, magasin cuisine Brabant Flamand, placard sur mesure Brabant Flamand, am\u00e9nagement cuisine Brabant Flamand, dressing sur mesure Brabant Flamand<\/p>\n<\/div>\n<\/div>\n<\/div>\n<\/header><\/article>\n<\/div>\n<\/div>\n<\/div>\n<\/header><\/article>\n<\/div>\n<\/div>\n<\/div>\n<\/header><\/article>\n<\/div>\n<\/div>\n<\/div>\n<\/header><\/article>\t\t\t\t\t\t\t\t<\/div>\n\t\t\t\t<\/div>\n\t\t\t\t<\/div>\n\t\t\t\t\t<\/div>\n\t\t\t\t<\/div>\n\t\t<div class=\"elementor-element elementor-element-3a159c2 e-flex e-con-boxed e-con e-parent\" data-id=\"3a159c2\" data-element_type=\"container\" data-e-type=\"container\">\n\t\t\t\t\t<div class=\"e-con-inner\">\n\t\t\t\t\t<\/div>\n\t\t\t\t<\/div>\n\t\t\t\t<\/div>\n\t\t","protected":false},"excerpt":{"rendered":"<p>Magasins \u00e8ggo dans la province du Brabant Flamand Vous recherchez un\u00a0magasin \u00e8ggo\u00a0\u00e0\u00a0Brabant Flamand? Ci-dessous la liste de tous les magasin dans la province du Brabant Flamand. Gr\u00e2ce \u00e0 notre vaste r\u00e9seau de plus de 50 showrooms r\u00e9partis dans toute la Belgique, et notamment dans la r\u00e9gion du Brabant Flamand, vous trouverez sans nul doute votre [&hellip;]<\/p>\n","protected":false},"author":1,"featured_media":0,"parent":6423,"menu_order":0,"comment_status":"closed","ping_status":"closed","template":"","meta":{"footnotes":""},"class_list":["post-31130","page","type-page","status-publish","hentry"],"yoast_head":"<!-- This site is optimized with the Yoast SEO Premium plugin v26.2 (Yoast SEO v27.4) - https:\/\/yoast.com\/product\/yoast-seo-premium-wordpress\/ -->\n<title>Magasins \u00e8ggo\u00a0dans la province du\u00a0Brabant Flamand - Eggo<\/title>\n<meta name=\"description\" content=\"Visitez nos showrooms en Brabant Flamand et trouvez des solutions adapt\u00e9es \u00e0 votre cuisine, salon ou dressing chez \u00e8ggo.\" \/>\n<meta name=\"robots\" content=\"index, follow, max-snippet:-1, max-image-preview:large, max-video-preview:-1\" \/>\n<link rel=\"canonical\" href=\"https:\/\/www.eggo.be\/fr\/nos-showrooms\/brabant-flamand\/\" \/>\n<meta property=\"og:locale\" content=\"fr_FR\" \/>\n<meta property=\"og:type\" content=\"article\" \/>\n<meta property=\"og:title\" content=\"Magasins \u00e8ggo\u00a0dans la province du\u00a0Brabant Flamand\" \/>\n<meta property=\"og:description\" content=\"Visitez nos showrooms en Brabant Flamand et trouvez des solutions adapt\u00e9es \u00e0 votre cuisine, salon ou dressing chez \u00e8ggo.\" \/>\n<meta property=\"og:url\" content=\"https:\/\/www.eggo.be\/fr\/nos-showrooms\/brabant-flamand\/\" \/>\n<meta property=\"og:site_name\" content=\"Eggo\" \/>\n<meta property=\"article:publisher\" content=\"https:\/\/www.facebook.com\/eggokitchen\" \/>\n<meta property=\"article:modified_time\" content=\"2025-07-07T09:36:29+00:00\" \/>\n<meta property=\"og:image\" content=\"https:\/\/www.eggo.be\/wp-content\/uploads\/2025\/04\/eggo-namur-magasin-cuisines-placards-dressings.png\" \/>\n<meta name=\"twitter:card\" content=\"summary_large_image\" \/>\n<meta name=\"twitter:label1\" content=\"Dur\u00e9e de lecture estim\u00e9e\" \/>\n\t<meta name=\"twitter:data1\" content=\"2 minutes\" \/>\n<script type=\"application\/ld+json\" class=\"yoast-schema-graph\">{\"@context\":\"https:\\\/\\\/schema.org\",\"@graph\":[{\"@type\":\"WebPage\",\"@id\":\"https:\\\/\\\/www.eggo.be\\\/fr\\\/nos-showrooms\\\/brabant-flamand\\\/\",\"url\":\"https:\\\/\\\/www.eggo.be\\\/fr\\\/nos-showrooms\\\/brabant-flamand\\\/\",\"name\":\"Magasins \u00e8ggo\u00a0dans la province du\u00a0Brabant Flamand - Eggo\",\"isPartOf\":{\"@id\":\"https:\\\/\\\/www.eggo.be\\\/fr\\\/#website\"},\"primaryImageOfPage\":{\"@id\":\"https:\\\/\\\/www.eggo.be\\\/fr\\\/nos-showrooms\\\/brabant-flamand\\\/#primaryimage\"},\"image\":{\"@id\":\"https:\\\/\\\/www.eggo.be\\\/fr\\\/nos-showrooms\\\/brabant-flamand\\\/#primaryimage\"},\"thumbnailUrl\":\"https:\\\/\\\/www.eggo.be\\\/wp-content\\\/uploads\\\/2025\\\/04\\\/eggo-namur-magasin-cuisines-placards-dressings.png\",\"datePublished\":\"2025-04-18T17:16:56+00:00\",\"dateModified\":\"2025-07-07T09:36:29+00:00\",\"description\":\"Visitez nos showrooms en Brabant Flamand et trouvez des solutions adapt\u00e9es \u00e0 votre cuisine, salon ou dressing chez \u00e8ggo.\",\"breadcrumb\":{\"@id\":\"https:\\\/\\\/www.eggo.be\\\/fr\\\/nos-showrooms\\\/brabant-flamand\\\/#breadcrumb\"},\"inLanguage\":\"fr-FR\",\"potentialAction\":[{\"@type\":\"ReadAction\",\"target\":[\"https:\\\/\\\/www.eggo.be\\\/fr\\\/nos-showrooms\\\/brabant-flamand\\\/\"]}]},{\"@type\":\"ImageObject\",\"inLanguage\":\"fr-FR\",\"@id\":\"https:\\\/\\\/www.eggo.be\\\/fr\\\/nos-showrooms\\\/brabant-flamand\\\/#primaryimage\",\"url\":\"https:\\\/\\\/www.eggo.be\\\/wp-content\\\/uploads\\\/2025\\\/04\\\/eggo-namur-magasin-cuisines-placards-dressings.png\",\"contentUrl\":\"https:\\\/\\\/www.eggo.be\\\/wp-content\\\/uploads\\\/2025\\\/04\\\/eggo-namur-magasin-cuisines-placards-dressings.png\"},{\"@type\":\"BreadcrumbList\",\"@id\":\"https:\\\/\\\/www.eggo.be\\\/fr\\\/nos-showrooms\\\/brabant-flamand\\\/#breadcrumb\",\"itemListElement\":[{\"@type\":\"ListItem\",\"position\":1,\"name\":\"Home\",\"item\":\"https:\\\/\\\/www.eggo.be\\\/fr\\\/\"},{\"@type\":\"ListItem\",\"position\":2,\"name\":\"Nos showrooms\",\"item\":\"https:\\\/\\\/www.eggo.be\\\/fr\\\/nos-showrooms\\\/\"},{\"@type\":\"ListItem\",\"position\":3,\"name\":\"Magasins \u00e8ggo\u00a0dans la province du\u00a0Brabant Flamand\"}]},{\"@type\":\"WebSite\",\"@id\":\"https:\\\/\\\/www.eggo.be\\\/fr\\\/#website\",\"url\":\"https:\\\/\\\/www.eggo.be\\\/fr\\\/\",\"name\":\"\u00e8ggo\",\"description\":\"\",\"publisher\":{\"@id\":\"https:\\\/\\\/www.eggo.be\\\/fr\\\/#organization\"},\"potentialAction\":[{\"@type\":\"SearchAction\",\"target\":{\"@type\":\"EntryPoint\",\"urlTemplate\":\"https:\\\/\\\/www.eggo.be\\\/fr\\\/?s={search_term_string}\"},\"query-input\":{\"@type\":\"PropertyValueSpecification\",\"valueRequired\":true,\"valueName\":\"search_term_string\"}}],\"inLanguage\":\"fr-FR\"},{\"@type\":[\"Organization\",\"Place\"],\"@id\":\"https:\\\/\\\/www.eggo.be\\\/fr\\\/#organization\",\"name\":\"\u00e8ggo\",\"alternateName\":\"eggo\",\"url\":\"https:\\\/\\\/www.eggo.be\\\/fr\\\/\",\"logo\":{\"@id\":\"https:\\\/\\\/www.eggo.be\\\/fr\\\/nos-showrooms\\\/brabant-flamand\\\/#local-main-organization-logo\"},\"image\":{\"@id\":\"https:\\\/\\\/www.eggo.be\\\/fr\\\/nos-showrooms\\\/brabant-flamand\\\/#local-main-organization-logo\"},\"sameAs\":[\"https:\\\/\\\/www.facebook.com\\\/eggokitchen\",\"https:\\\/\\\/www.linkedin.com\\\/company\\\/eggo\\\/\"],\"description\":\"Des cuisines et meubles de rangement de qualit\u00e9 \u00e0 des prix avantageux ! D\u00e9couvrez nos mod\u00e8les et prenez rendez-vous en ligne dans votre showroom \u00e8ggo.\",\"telephone\":[],\"openingHoursSpecification\":[{\"@type\":\"OpeningHoursSpecification\",\"dayOfWeek\":[\"Monday\",\"Tuesday\",\"Wednesday\",\"Thursday\",\"Friday\",\"Saturday\",\"Sunday\"],\"opens\":\"09:00\",\"closes\":\"17:00\"}]},{\"@type\":\"ImageObject\",\"inLanguage\":\"fr-FR\",\"@id\":\"https:\\\/\\\/www.eggo.be\\\/fr\\\/nos-showrooms\\\/brabant-flamand\\\/#local-main-organization-logo\",\"url\":\"https:\\\/\\\/www.eggo.be\\\/wp-content\\\/uploads\\\/2025\\\/01\\\/Logo.png\",\"contentUrl\":\"https:\\\/\\\/www.eggo.be\\\/wp-content\\\/uploads\\\/2025\\\/01\\\/Logo.png\",\"width\":88,\"height\":88,\"caption\":\"\u00e8ggo\"}]}<\/script>\n<!-- \/ Yoast SEO Premium plugin. -->","yoast_head_json":{"title":"Magasins \u00e8ggo\u00a0dans la province du\u00a0Brabant Flamand - Eggo","description":"Visitez nos showrooms en Brabant Flamand et trouvez des solutions adapt\u00e9es \u00e0 votre cuisine, salon ou dressing chez \u00e8ggo.","robots":{"index":"index","follow":"follow","max-snippet":"max-snippet:-1","max-image-preview":"max-image-preview:large","max-video-preview":"max-video-preview:-1"},"canonical":"https:\/\/www.eggo.be\/fr\/nos-showrooms\/brabant-flamand\/","og_locale":"fr_FR","og_type":"article","og_title":"Magasins \u00e8ggo\u00a0dans la province du\u00a0Brabant Flamand","og_description":"Visitez nos showrooms en Brabant Flamand et trouvez des solutions adapt\u00e9es \u00e0 votre cuisine, salon ou dressing chez \u00e8ggo.","og_url":"https:\/\/www.eggo.be\/fr\/nos-showrooms\/brabant-flamand\/","og_site_name":"Eggo","article_publisher":"https:\/\/www.facebook.com\/eggokitchen","article_modified_time":"2025-07-07T09:36:29+00:00","og_image":[{"url":"https:\/\/www.eggo.be\/wp-content\/uploads\/2025\/04\/eggo-namur-magasin-cuisines-placards-dressings.png","type":"","width":"","height":""}],"twitter_card":"summary_large_image","twitter_misc":{"Dur\u00e9e de lecture estim\u00e9e":"2 minutes"},"schema":{"@context":"https:\/\/schema.org","@graph":[{"@type":"WebPage","@id":"https:\/\/www.eggo.be\/fr\/nos-showrooms\/brabant-flamand\/","url":"https:\/\/www.eggo.be\/fr\/nos-showrooms\/brabant-flamand\/","name":"Magasins \u00e8ggo\u00a0dans la province du\u00a0Brabant Flamand - Eggo","isPartOf":{"@id":"https:\/\/www.eggo.be\/fr\/#website"},"primaryImageOfPage":{"@id":"https:\/\/www.eggo.be\/fr\/nos-showrooms\/brabant-flamand\/#primaryimage"},"image":{"@id":"https:\/\/www.eggo.be\/fr\/nos-showrooms\/brabant-flamand\/#primaryimage"},"thumbnailUrl":"https:\/\/www.eggo.be\/wp-content\/uploads\/2025\/04\/eggo-namur-magasin-cuisines-placards-dressings.png","datePublished":"2025-04-18T17:16:56+00:00","dateModified":"2025-07-07T09:36:29+00:00","description":"Visitez nos showrooms en Brabant Flamand et trouvez des solutions adapt\u00e9es \u00e0 votre cuisine, salon ou dressing chez \u00e8ggo.","breadcrumb":{"@id":"https:\/\/www.eggo.be\/fr\/nos-showrooms\/brabant-flamand\/#breadcrumb"},"inLanguage":"fr-FR","potentialAction":[{"@type":"ReadAction","target":["https:\/\/www.eggo.be\/fr\/nos-showrooms\/brabant-flamand\/"]}]},{"@type":"ImageObject","inLanguage":"fr-FR","@id":"https:\/\/www.eggo.be\/fr\/nos-showrooms\/brabant-flamand\/#primaryimage","url":"https:\/\/www.eggo.be\/wp-content\/uploads\/2025\/04\/eggo-namur-magasin-cuisines-placards-dressings.png","contentUrl":"https:\/\/www.eggo.be\/wp-content\/uploads\/2025\/04\/eggo-namur-magasin-cuisines-placards-dressings.png"},{"@type":"BreadcrumbList","@id":"https:\/\/www.eggo.be\/fr\/nos-showrooms\/brabant-flamand\/#breadcrumb","itemListElement":[{"@type":"ListItem","position":1,"name":"Home","item":"https:\/\/www.eggo.be\/fr\/"},{"@type":"ListItem","position":2,"name":"Nos showrooms","item":"https:\/\/www.eggo.be\/fr\/nos-showrooms\/"},{"@type":"ListItem","position":3,"name":"Magasins \u00e8ggo\u00a0dans la province du\u00a0Brabant Flamand"}]},{"@type":"WebSite","@id":"https:\/\/www.eggo.be\/fr\/#website","url":"https:\/\/www.eggo.be\/fr\/","name":"\u00e8ggo","description":"","publisher":{"@id":"https:\/\/www.eggo.be\/fr\/#organization"},"potentialAction":[{"@type":"SearchAction","target":{"@type":"EntryPoint","urlTemplate":"https:\/\/www.eggo.be\/fr\/?s={search_term_string}"},"query-input":{"@type":"PropertyValueSpecification","valueRequired":true,"valueName":"search_term_string"}}],"inLanguage":"fr-FR"},{"@type":["Organization","Place"],"@id":"https:\/\/www.eggo.be\/fr\/#organization","name":"\u00e8ggo","alternateName":"eggo","url":"https:\/\/www.eggo.be\/fr\/","logo":{"@id":"https:\/\/www.eggo.be\/fr\/nos-showrooms\/brabant-flamand\/#local-main-organization-logo"},"image":{"@id":"https:\/\/www.eggo.be\/fr\/nos-showrooms\/brabant-flamand\/#local-main-organization-logo"},"sameAs":["https:\/\/www.facebook.com\/eggokitchen","https:\/\/www.linkedin.com\/company\/eggo\/"],"description":"Des cuisines et meubles de rangement de qualit\u00e9 \u00e0 des prix avantageux ! D\u00e9couvrez nos mod\u00e8les et prenez rendez-vous en ligne dans votre showroom \u00e8ggo.","telephone":[],"openingHoursSpecification":[{"@type":"OpeningHoursSpecification","dayOfWeek":["Monday","Tuesday","Wednesday","Thursday","Friday","Saturday","Sunday"],"opens":"09:00","closes":"17:00"}]},{"@type":"ImageObject","inLanguage":"fr-FR","@id":"https:\/\/www.eggo.be\/fr\/nos-showrooms\/brabant-flamand\/#local-main-organization-logo","url":"https:\/\/www.eggo.be\/wp-content\/uploads\/2025\/01\/Logo.png","contentUrl":"https:\/\/www.eggo.be\/wp-content\/uploads\/2025\/01\/Logo.png","width":88,"height":88,"caption":"\u00e8ggo"}]}},"meta_box":{"promotion_toggle":"0","small_featured_promotion_toggle":"0","promotion_icon":[],"promotion_description":"","promotion_period":"","promotion_link":"","promotion_bg_color":"#ffffff","promotion_text_color":"#fe5000","read_more_content":"","catalog_pdf":[]},"_links":{"self":[{"href":"https:\/\/www.eggo.be\/fr\/wp-json\/wp\/v2\/pages\/31130","targetHints":{"allow":["GET"]}}],"collection":[{"href":"https:\/\/www.eggo.be\/fr\/wp-json\/wp\/v2\/pages"}],"about":[{"href":"https:\/\/www.eggo.be\/fr\/wp-json\/wp\/v2\/types\/page"}],"author":[{"embeddable":true,"href":"https:\/\/www.eggo.be\/fr\/wp-json\/wp\/v2\/users\/1"}],"replies":[{"embeddable":true,"href":"https:\/\/www.eggo.be\/fr\/wp-json\/wp\/v2\/comments?post=31130"}],"version-history":[{"count":10,"href":"https:\/\/www.eggo.be\/fr\/wp-json\/wp\/v2\/pages\/31130\/revisions"}],"predecessor-version":[{"id":39258,"href":"https:\/\/www.eggo.be\/fr\/wp-json\/wp\/v2\/pages\/31130\/revisions\/39258"}],"up":[{"embeddable":true,"href":"https:\/\/www.eggo.be\/fr\/wp-json\/wp\/v2\/pages\/6423"}],"wp:attachment":[{"href":"https:\/\/www.eggo.be\/fr\/wp-json\/wp\/v2\/media?parent=31130"}],"curies":[{"name":"wp","href":"https:\/\/api.w.org\/{rel}","templated":true}]}}