{"id":31184,"date":"2025-04-18T16:41:45","date_gmt":"2025-04-18T16:41:45","guid":{"rendered":"https:\/\/www.eggo.be\/onze-showrooms\/eggo-winkels-in-de-provincie-brussel\/"},"modified":"2025-08-19T12:38:57","modified_gmt":"2025-08-19T12:38:57","slug":"brussel","status":"publish","type":"page","link":"https:\/\/www.eggo.be\/nl\/onze-showrooms\/brussel\/","title":{"rendered":"\u00c8ggo winkels in de provincie Brussel"},"content":{"rendered":"\t\t<div data-elementor-type=\"wp-page\" data-elementor-id=\"31184\" class=\"elementor elementor-31184 elementor-31100\" data-elementor-post-type=\"page\">\n\t\t\t\t<div class=\"elementor-element elementor-element-5536ab9 e-flex e-con-boxed e-con e-parent\" data-id=\"5536ab9\" data-element_type=\"container\" data-e-type=\"container\">\n\t\t\t\t\t<div class=\"e-con-inner\">\n\t\t<div class=\"elementor-element elementor-element-8307b54 e-con-full e-flex e-con e-child\" data-id=\"8307b54\" data-element_type=\"container\" data-e-type=\"container\">\n\t\t\t\t<div class=\"elementor-element elementor-element-47b4346 elementor-widget elementor-widget-heading\" data-id=\"47b4346\" data-element_type=\"widget\" data-e-type=\"widget\" data-widget_type=\"heading.default\">\n\t\t\t\t<div class=\"elementor-widget-container\">\n\t\t\t\t\t<h1 class=\"elementor-heading-title elementor-size-default\">\u00c8ggo winkels in de provincie Brussel<\/h1>\t\t\t\t<\/div>\n\t\t\t\t<\/div>\n\t\t\t\t<div class=\"elementor-element elementor-element-131bd9c elementor-widget elementor-widget-text-editor\" data-id=\"131bd9c\" data-element_type=\"widget\" data-e-type=\"widget\" data-widget_type=\"text-editor.default\">\n\t\t\t\t<div class=\"elementor-widget-container\">\n\t\t\t\t\t\t\t\t\t<p>Ben je op zoek naar een<strong>\u00a0\u00e8ggo<\/strong>\u00a0winkel in\u00a0<strong>Brussel<\/strong>? Hieronder vind je een overzicht van alle winkels in de provincie Brussel, dus kijk snel welke winkel bij jou in de buurt ligt. Dankzij ons uitgebreid netwerk van meer dan\u00a0<strong>50 showrooms<\/strong>\u00a0verspreid over heel Belgi\u00eb, waaronder de provincie Brussel, vind je zeker en vast \u00e8ggo advies voor je nieuwe\u00a0<a href=\"https:\/\/www.eggo.be\/nl\/keuken\">keuken<\/a>\u00a0of\u00a0<a href=\"https:\/\/www.eggo.be\/nl\/kast\">dressing<\/a>\u00a0in je buurt. Ontdek onze ruime collectie van keukens &amp; dressings op maat en ontvang advies van onze specialisten.<\/p>\n\t\t\t\t\t\t\t\t<\/div>\n\t\t\t\t<\/div>\n\t\t\t\t<\/div>\n\t\t<div class=\"elementor-element elementor-element-52432f6 e-con-full e-flex e-con e-child\" data-id=\"52432f6\" data-element_type=\"container\" data-e-type=\"container\">\n\t\t\t\t<div class=\"elementor-element elementor-element-0f865b5 elementor-widget elementor-widget-image\" data-id=\"0f865b5\" data-element_type=\"widget\" data-e-type=\"widget\" data-widget_type=\"image.default\">\n\t\t\t\t<div class=\"elementor-widget-container\">\n\t\t\t\t\t\t\t\t\t\t\t\t\t\t\t<img decoding=\"async\" width=\"350\" height=\"211\" src=\"https:\/\/www.eggo.be\/wp-content\/uploads\/2025\/04\/eggo-namur-magasin-cuisines-placards-dressings.png\" class=\"attachment-full size-full wp-image-31040\" alt=\"\" srcset=\"https:\/\/www.eggo.be\/wp-content\/uploads\/2025\/04\/eggo-namur-magasin-cuisines-placards-dressings.png 350w, https:\/\/www.eggo.be\/wp-content\/uploads\/2025\/04\/eggo-namur-magasin-cuisines-placards-dressings-300x181.png 300w\" sizes=\"(max-width: 350px) 100vw, 350px\" \/>\t\t\t\t\t\t\t\t\t\t\t\t\t\t\t<\/div>\n\t\t\t\t<\/div>\n\t\t\t\t<\/div>\n\t\t\t\t\t<\/div>\n\t\t\t\t<\/div>\n\t\t<div class=\"elementor-element elementor-element-365f071 e-flex e-con-boxed e-con e-parent\" data-id=\"365f071\" data-element_type=\"container\" data-e-type=\"container\" data-settings=\"{&quot;background_background&quot;:&quot;classic&quot;}\">\n\t\t\t\t\t<div class=\"e-con-inner\">\n\t\t\t\t<div class=\"elementor-element elementor-element-d4cb48d elementor-widget elementor-widget-heading\" data-id=\"d4cb48d\" data-element_type=\"widget\" data-e-type=\"widget\" data-widget_type=\"heading.default\">\n\t\t\t\t<div class=\"elementor-widget-container\">\n\t\t\t\t\t<h2 class=\"elementor-heading-title elementor-size-default\">Vind je \u00e8ggo showroom in de buurt van jouw gemeente in de provincie Brussel<\/h2>\t\t\t\t<\/div>\n\t\t\t\t<\/div>\n\t\t<div class=\"elementor-element elementor-element-05f4e09 e-con-full e-flex e-con e-child\" data-id=\"05f4e09\" data-element_type=\"container\" data-e-type=\"container\">\n\t\t\t\t<div class=\"elementor-element elementor-element-6d4e8c0 elementor-widget__width-initial elementor-widget elementor-widget-text-editor\" data-id=\"6d4e8c0\" data-element_type=\"widget\" data-e-type=\"widget\" data-widget_type=\"text-editor.default\">\n\t\t\t\t<div class=\"elementor-widget-container\">\n\t\t\t\t\t\t\t\t\t<a href=\"https:\/\/www.eggo.be\/nl\/onze-showrooms?city=Anderlecht\">Anderlecht<\/a><br \/>    <a href=\"https:\/\/www.eggo.be\/nl\/onze-showrooms?city=Brussel\">Brussel<\/a><br \/>    <a href=\"https:\/\/www.eggo.be\/nl\/onze-showrooms?city=Elsene\">Elsene<\/a><br \/>    <a href=\"https:\/\/www.eggo.be\/nl\/onze-showrooms?city=Etterbeek\">Etterbeek<\/a><br \/>    <a href=\"https:\/\/www.eggo.be\/nl\/onze-showrooms?city=Evere\">Evere<\/a><br \/>\t\t\t\t\t\t\t\t<\/div>\n\t\t\t\t<\/div>\n\t\t\t\t<div class=\"elementor-element elementor-element-dba584f elementor-widget__width-initial elementor-widget elementor-widget-text-editor\" data-id=\"dba584f\" data-element_type=\"widget\" data-e-type=\"widget\" data-widget_type=\"text-editor.default\">\n\t\t\t\t<div class=\"elementor-widget-container\">\n\t\t\t\t\t\t\t\t\t<a href=\"https:\/\/www.eggo.be\/nl\/onze-showrooms?city=Ganshoren\">Ganshoren<\/a><br \/>    <a href=\"https:\/\/www.eggo.be\/nl\/onze-showrooms?city=Jette\">Jette<\/a><br \/>    <a href=\"https:\/\/www.eggo.be\/nl\/onze-showrooms?city=Koekelberg\">Koekelberg<\/a><br \/>    <a href=\"https:\/\/www.eggo.be\/nl\/onze-showrooms?city=Oudergem\">Oudergem<\/a><br \/>    <a href=\"https:\/\/www.eggo.be\/nl\/onze-showrooms?city=Schaarbeek\">Schaarbeek<\/a><br \/>\t\t\t\t\t\t\t\t<\/div>\n\t\t\t\t<\/div>\n\t\t\t\t<div class=\"elementor-element elementor-element-b1d0842 elementor-widget__width-initial elementor-widget elementor-widget-text-editor\" data-id=\"b1d0842\" data-element_type=\"widget\" data-e-type=\"widget\" data-widget_type=\"text-editor.default\">\n\t\t\t\t<div class=\"elementor-widget-container\">\n\t\t\t\t\t\t\t\t\t<a href=\"https:\/\/www.eggo.be\/nl\/onze-showrooms?city=Sint-Agatha-Berchem\">Sint-Agatha-Berchem<\/a><br \/>    <a href=\"https:\/\/www.eggo.be\/nl\/onze-showrooms?city=Sint-Gillis\">Sint-Gillis<\/a><br \/>    <a href=\"https:\/\/www.eggo.be\/nl\/onze-showrooms?city=Sint-Jans-Molenbeek\">Sint-Jans-Molenbeek<\/a><br \/>    <a href=\"https:\/\/www.eggo.be\/nl\/onze-showrooms?city=Sint-Joost-ten-Node\">Sint-Joost-ten-Node<\/a><br \/>    <a href=\"https:\/\/www.eggo.be\/nl\/onze-showrooms?city=Sint-Lambrechts-Woluwe\">Sint-Lambrechts-Woluwe<\/a><br \/>\t\t\t\t\t\t\t\t<\/div>\n\t\t\t\t<\/div>\n\t\t\t\t<div class=\"elementor-element elementor-element-c690775 elementor-widget__width-initial elementor-widget elementor-widget-text-editor\" data-id=\"c690775\" data-element_type=\"widget\" data-e-type=\"widget\" data-widget_type=\"text-editor.default\">\n\t\t\t\t<div class=\"elementor-widget-container\">\n\t\t\t\t\t\t\t\t\t<a href=\"https:\/\/www.eggo.be\/nl\/onze-showrooms?city=Sint-Pieters-Woluwe\">Sint-Pieters-Woluwe<\/a><br \/>    <a href=\"https:\/\/www.eggo.be\/nl\/onze-showrooms?city=Ukkel\">Ukkel<\/a><br \/>    <a href=\"https:\/\/www.eggo.be\/nl\/onze-showrooms?city=Vorst\">Vorst<\/a><br \/>    <a href=\"https:\/\/www.eggo.be\/nl\/onze-showrooms?city=Watermaal-Bosvoorde\">Watermaal-Bosvoorde<\/a><br \/>\t\t\t\t\t\t\t\t<\/div>\n\t\t\t\t<\/div>\n\t\t\t\t<\/div>\n\t\t\t\t\t<\/div>\n\t\t\t\t<\/div>\n\t\t<div class=\"elementor-element elementor-element-adae0b5 e-flex e-con-boxed e-con e-parent\" data-id=\"adae0b5\" data-element_type=\"container\" data-e-type=\"container\">\n\t\t\t\t\t<div class=\"e-con-inner\">\n\t\t<div class=\"elementor-element elementor-element-54e3cdd e-con-full e-flex e-con e-child\" data-id=\"54e3cdd\" data-element_type=\"container\" data-e-type=\"container\">\n\t\t\t\t<div class=\"elementor-element elementor-element-6570c57 elementor-widget elementor-widget-heading\" data-id=\"6570c57\" data-element_type=\"widget\" data-e-type=\"widget\" data-widget_type=\"heading.default\">\n\t\t\t\t<div class=\"elementor-widget-container\">\n\t\t\t\t\t<h2 class=\"elementor-heading-title elementor-size-default\">Ons netwerk van winkels voor keukens &amp; maatkasten<\/h2>\t\t\t\t<\/div>\n\t\t\t\t<\/div>\n\t\t\t\t<div class=\"elementor-element elementor-element-5a39454 elementor-widget elementor-widget-text-editor\" data-id=\"5a39454\" data-element_type=\"widget\" data-e-type=\"widget\" data-widget_type=\"text-editor.default\">\n\t\t\t\t<div class=\"elementor-widget-container\">\n\t\t\t\t\t\t\t\t\t<p>Dankzij ons uitgebreid netwerk van meer dan 50 showrooms verspreid over de verschillende provincies in Belgi\u00eb (we zijn aanwezig in de\u00a0<a href=\"https:\/\/www.eggo.be\/nl\/vlaams-brabant\" target=\"_blank\" rel=\"noopener\">provincies Vlaams-Brabant<\/a>,\u00a0<a href=\"https:\/\/www.eggo.be\/nl\/west-vlaanderen\" target=\"_blank\" rel=\"noopener\">West-Vlaanderen<\/a>,\u00a0<a href=\"https:\/\/www.eggo.be\/nl\/limburg\" target=\"_blank\" rel=\"noopener\">Limburg<\/a>,\u00a0<a href=\"https:\/\/www.eggo.be\/nl\/oost-vlaanderen\" target=\"_blank\" rel=\"noopener\">Oost-Vlaanderen<\/a>,\u00a0<a href=\"https:\/\/www.eggo.be\/nl\/antwerpen\" target=\"_blank\" rel=\"noopener\">Antwerpen<\/a>,\u00a0<a href=\"https:\/\/www.eggo.be\/nl\/waals-brabant\" target=\"_blank\" rel=\"noopener\">Waals-Brabant<\/a>,\u00a0<a href=\"https:\/\/www.eggo.be\/nl\/henegouwen\" target=\"_blank\" rel=\"noopener\">Henegouwen<\/a>,\u00a0<a href=\"https:\/\/www.eggo.be\/nl\/luik\" target=\"_blank\" rel=\"noopener\">Luik<\/a>\u00a0en\u00a0<a href=\"https:\/\/www.eggo.be\/nl\/namen\" target=\"_blank\" rel=\"noopener\">Namen<\/a>), vind je\u00a0zeker en vast \u00e8ggo advies voor je nieuwe keuken of dressing in je buurt.<\/p>\n\t\t\t\t\t\t\t\t<\/div>\n\t\t\t\t<\/div>\n\t\t\t\t<\/div>\n\t\t<div class=\"elementor-element elementor-element-c4f9cd9 e-con-full e-flex e-con e-child\" data-id=\"c4f9cd9\" data-element_type=\"container\" data-e-type=\"container\">\n\t\t\t\t<div class=\"elementor-element elementor-element-19e2463 elementor-widget elementor-widget-heading\" data-id=\"19e2463\" data-element_type=\"widget\" data-e-type=\"widget\" data-widget_type=\"heading.default\">\n\t\t\t\t<div class=\"elementor-widget-container\">\n\t\t\t\t\t<h2 class=\"elementor-heading-title elementor-size-default\">Zoekopdrachten gerelateerd aan \u00e8ggo Brussel<\/h2>\t\t\t\t<\/div>\n\t\t\t\t<\/div>\n\t\t\t\t<div class=\"elementor-element elementor-element-cd13163 elementor-widget elementor-widget-text-editor\" data-id=\"cd13163\" data-element_type=\"widget\" data-e-type=\"widget\" data-widget_type=\"text-editor.default\">\n\t\t\t\t<div class=\"elementor-widget-container\">\n\t\t\t\t\t\t\t\t\t<article class=\"page content\">\n<header class=\"page-header\">\n<div class=\"container\">\n<div class=\"page-meta\">\n<div class=\"summary typeset\">\n<p>keukens Brussel, keukens op maat Brussel, keukenwinkel Brussel, uitgeruste keuken Brussel, 3D keuken Brussel, design keuken Brussel, goedkope keuken Brussel, Belgische keuken Brussel, elektrowinkel Brussel, keukenspecialist Brussel, kasten op maat Brussel, keukeninrichting Brussel, dressing op maat Brussel, inbouwkasten Brussel, maatkasten Brussel<\/p>\n<\/div>\n<\/div>\n<\/div>\n<\/header>\n<div class=\"page-body\"><\/div>\n<\/article>\n<p><\/p>\n<div class=\"cta-bar\">\n<div class=\"container\"><\/div>\n<p><\/div>\n\t\t\t\t\t\t\t\t<\/div>\n\t\t\t\t<\/div>\n\t\t\t\t<\/div>\n\t\t\t\t\t<\/div>\n\t\t\t\t<\/div>\n\t\t<div class=\"elementor-element elementor-element-3a159c2 e-flex e-con-boxed e-con e-parent\" data-id=\"3a159c2\" data-element_type=\"container\" data-e-type=\"container\">\n\t\t\t\t\t<div class=\"e-con-inner\">\n\t\t\t\t\t<\/div>\n\t\t\t\t<\/div>\n\t\t\t\t<\/div>\n\t\t","protected":false},"excerpt":{"rendered":"<p>\u00c8ggo winkels in de provincie Brussel Ben je op zoek naar een\u00a0\u00e8ggo\u00a0winkel in\u00a0Brussel? Hieronder vind je een overzicht van alle winkels in de provincie Brussel, dus kijk snel welke winkel bij jou in de buurt ligt. Dankzij ons uitgebreid netwerk van meer dan\u00a050 showrooms\u00a0verspreid over heel Belgi\u00eb, waaronder de provincie Brussel, vind je zeker en [&hellip;]<\/p>\n","protected":false},"author":1,"featured_media":0,"parent":25479,"menu_order":0,"comment_status":"closed","ping_status":"closed","template":"","meta":{"footnotes":""},"class_list":["post-31184","page","type-page","status-publish","hentry"],"yoast_head":"<!-- This site is optimized with the Yoast SEO Premium plugin v26.2 (Yoast SEO v27.4) - https:\/\/yoast.com\/product\/yoast-seo-premium-wordpress\/ -->\n<title>\u00c8ggo winkels in de provincie Brussel - Eggo<\/title>\n<meta name=\"description\" content=\"Bezoek onze showrooms in Brussel en ontdek een breed assortiment keukens, meubels en dressings bij \u00e8ggo. Laat je inspireren door ons aanbod.\" \/>\n<meta name=\"robots\" content=\"index, follow, max-snippet:-1, max-image-preview:large, max-video-preview:-1\" \/>\n<link rel=\"canonical\" href=\"https:\/\/www.eggo.be\/nl\/onze-showrooms\/brussel\/\" \/>\n<meta property=\"og:locale\" content=\"nl_NL\" \/>\n<meta property=\"og:type\" content=\"article\" \/>\n<meta property=\"og:title\" content=\"\u00c8ggo winkels in de provincie Brussel\" \/>\n<meta property=\"og:description\" content=\"Bezoek onze showrooms in Brussel en ontdek een breed assortiment keukens, meubels en dressings bij \u00e8ggo. Laat je inspireren door ons aanbod.\" \/>\n<meta property=\"og:url\" content=\"https:\/\/www.eggo.be\/nl\/onze-showrooms\/brussel\/\" \/>\n<meta property=\"og:site_name\" content=\"Eggo\" \/>\n<meta property=\"article:publisher\" content=\"https:\/\/www.facebook.com\/eggokitchen\" \/>\n<meta property=\"article:modified_time\" content=\"2025-08-19T12:38:57+00:00\" \/>\n<meta property=\"og:image\" content=\"https:\/\/www.eggo.be\/wp-content\/uploads\/2025\/04\/eggo-namur-magasin-cuisines-placards-dressings.png\" \/>\n<meta name=\"twitter:card\" content=\"summary_large_image\" \/>\n<meta name=\"twitter:label1\" content=\"Geschatte leestijd\" \/>\n\t<meta name=\"twitter:data1\" content=\"2 minuten\" \/>\n<script type=\"application\/ld+json\" class=\"yoast-schema-graph\">{\"@context\":\"https:\\\/\\\/schema.org\",\"@graph\":[{\"@type\":\"WebPage\",\"@id\":\"https:\\\/\\\/www.eggo.be\\\/nl\\\/onze-showrooms\\\/brussel\\\/\",\"url\":\"https:\\\/\\\/www.eggo.be\\\/nl\\\/onze-showrooms\\\/brussel\\\/\",\"name\":\"\u00c8ggo winkels in de provincie Brussel - Eggo\",\"isPartOf\":{\"@id\":\"https:\\\/\\\/www.eggo.be\\\/nl\\\/#website\"},\"primaryImageOfPage\":{\"@id\":\"https:\\\/\\\/www.eggo.be\\\/nl\\\/onze-showrooms\\\/brussel\\\/#primaryimage\"},\"image\":{\"@id\":\"https:\\\/\\\/www.eggo.be\\\/nl\\\/onze-showrooms\\\/brussel\\\/#primaryimage\"},\"thumbnailUrl\":\"https:\\\/\\\/www.eggo.be\\\/wp-content\\\/uploads\\\/2025\\\/04\\\/eggo-namur-magasin-cuisines-placards-dressings.png\",\"datePublished\":\"2025-04-18T16:41:45+00:00\",\"dateModified\":\"2025-08-19T12:38:57+00:00\",\"description\":\"Bezoek onze showrooms in Brussel en ontdek een breed assortiment keukens, meubels en dressings bij \u00e8ggo. Laat je inspireren door ons aanbod.\",\"breadcrumb\":{\"@id\":\"https:\\\/\\\/www.eggo.be\\\/nl\\\/onze-showrooms\\\/brussel\\\/#breadcrumb\"},\"inLanguage\":\"nl-NL\",\"potentialAction\":[{\"@type\":\"ReadAction\",\"target\":[\"https:\\\/\\\/www.eggo.be\\\/nl\\\/onze-showrooms\\\/brussel\\\/\"]}]},{\"@type\":\"ImageObject\",\"inLanguage\":\"nl-NL\",\"@id\":\"https:\\\/\\\/www.eggo.be\\\/nl\\\/onze-showrooms\\\/brussel\\\/#primaryimage\",\"url\":\"https:\\\/\\\/www.eggo.be\\\/wp-content\\\/uploads\\\/2025\\\/04\\\/eggo-namur-magasin-cuisines-placards-dressings.png\",\"contentUrl\":\"https:\\\/\\\/www.eggo.be\\\/wp-content\\\/uploads\\\/2025\\\/04\\\/eggo-namur-magasin-cuisines-placards-dressings.png\"},{\"@type\":\"BreadcrumbList\",\"@id\":\"https:\\\/\\\/www.eggo.be\\\/nl\\\/onze-showrooms\\\/brussel\\\/#breadcrumb\",\"itemListElement\":[{\"@type\":\"ListItem\",\"position\":1,\"name\":\"Home\",\"item\":\"https:\\\/\\\/www.eggo.be\\\/nl\\\/\"},{\"@type\":\"ListItem\",\"position\":2,\"name\":\"Showrooms\",\"item\":\"https:\\\/\\\/www.eggo.be\\\/nl\\\/nos-showrooms\\\/\"},{\"@type\":\"ListItem\",\"position\":3,\"name\":\"\u00c8ggo winkels in de provincie Brussel\"}]},{\"@type\":\"WebSite\",\"@id\":\"https:\\\/\\\/www.eggo.be\\\/nl\\\/#website\",\"url\":\"https:\\\/\\\/www.eggo.be\\\/nl\\\/\",\"name\":\"\u00e8ggo\",\"description\":\"\",\"publisher\":{\"@id\":\"https:\\\/\\\/www.eggo.be\\\/nl\\\/#organization\"},\"potentialAction\":[{\"@type\":\"SearchAction\",\"target\":{\"@type\":\"EntryPoint\",\"urlTemplate\":\"https:\\\/\\\/www.eggo.be\\\/nl\\\/?s={search_term_string}\"},\"query-input\":{\"@type\":\"PropertyValueSpecification\",\"valueRequired\":true,\"valueName\":\"search_term_string\"}}],\"inLanguage\":\"nl-NL\"},{\"@type\":[\"Organization\",\"Place\"],\"@id\":\"https:\\\/\\\/www.eggo.be\\\/nl\\\/#organization\",\"name\":\"\u00e8ggo\",\"alternateName\":\"eggo\",\"url\":\"https:\\\/\\\/www.eggo.be\\\/nl\\\/\",\"logo\":{\"@id\":\"https:\\\/\\\/www.eggo.be\\\/nl\\\/onze-showrooms\\\/brussel\\\/#local-main-organization-logo\"},\"image\":{\"@id\":\"https:\\\/\\\/www.eggo.be\\\/nl\\\/onze-showrooms\\\/brussel\\\/#local-main-organization-logo\"},\"sameAs\":[\"https:\\\/\\\/www.facebook.com\\\/eggokitchen\",\"https:\\\/\\\/www.linkedin.com\\\/company\\\/eggo\\\/\"],\"description\":\"Des cuisines et meubles de rangement de qualit\u00e9 \u00e0 des prix avantageux ! D\u00e9couvrez nos mod\u00e8les et prenez rendez-vous en ligne dans votre showroom \u00e8ggo.\",\"telephone\":[],\"openingHoursSpecification\":[{\"@type\":\"OpeningHoursSpecification\",\"dayOfWeek\":[\"Monday\",\"Tuesday\",\"Wednesday\",\"Thursday\",\"Friday\",\"Saturday\",\"Sunday\"],\"opens\":\"09:00\",\"closes\":\"17:00\"}]},{\"@type\":\"ImageObject\",\"inLanguage\":\"nl-NL\",\"@id\":\"https:\\\/\\\/www.eggo.be\\\/nl\\\/onze-showrooms\\\/brussel\\\/#local-main-organization-logo\",\"url\":\"https:\\\/\\\/www.eggo.be\\\/wp-content\\\/uploads\\\/2025\\\/01\\\/Logo.png\",\"contentUrl\":\"https:\\\/\\\/www.eggo.be\\\/wp-content\\\/uploads\\\/2025\\\/01\\\/Logo.png\",\"width\":88,\"height\":88,\"caption\":\"\u00e8ggo\"}]}<\/script>\n<!-- \/ Yoast SEO Premium plugin. -->","yoast_head_json":{"title":"\u00c8ggo winkels in de provincie Brussel - Eggo","description":"Bezoek onze showrooms in Brussel en ontdek een breed assortiment keukens, meubels en dressings bij \u00e8ggo. Laat je inspireren door ons aanbod.","robots":{"index":"index","follow":"follow","max-snippet":"max-snippet:-1","max-image-preview":"max-image-preview:large","max-video-preview":"max-video-preview:-1"},"canonical":"https:\/\/www.eggo.be\/nl\/onze-showrooms\/brussel\/","og_locale":"nl_NL","og_type":"article","og_title":"\u00c8ggo winkels in de provincie Brussel","og_description":"Bezoek onze showrooms in Brussel en ontdek een breed assortiment keukens, meubels en dressings bij \u00e8ggo. Laat je inspireren door ons aanbod.","og_url":"https:\/\/www.eggo.be\/nl\/onze-showrooms\/brussel\/","og_site_name":"Eggo","article_publisher":"https:\/\/www.facebook.com\/eggokitchen","article_modified_time":"2025-08-19T12:38:57+00:00","og_image":[{"url":"https:\/\/www.eggo.be\/wp-content\/uploads\/2025\/04\/eggo-namur-magasin-cuisines-placards-dressings.png","type":"","width":"","height":""}],"twitter_card":"summary_large_image","twitter_misc":{"Geschatte leestijd":"2 minuten"},"schema":{"@context":"https:\/\/schema.org","@graph":[{"@type":"WebPage","@id":"https:\/\/www.eggo.be\/nl\/onze-showrooms\/brussel\/","url":"https:\/\/www.eggo.be\/nl\/onze-showrooms\/brussel\/","name":"\u00c8ggo winkels in de provincie Brussel - Eggo","isPartOf":{"@id":"https:\/\/www.eggo.be\/nl\/#website"},"primaryImageOfPage":{"@id":"https:\/\/www.eggo.be\/nl\/onze-showrooms\/brussel\/#primaryimage"},"image":{"@id":"https:\/\/www.eggo.be\/nl\/onze-showrooms\/brussel\/#primaryimage"},"thumbnailUrl":"https:\/\/www.eggo.be\/wp-content\/uploads\/2025\/04\/eggo-namur-magasin-cuisines-placards-dressings.png","datePublished":"2025-04-18T16:41:45+00:00","dateModified":"2025-08-19T12:38:57+00:00","description":"Bezoek onze showrooms in Brussel en ontdek een breed assortiment keukens, meubels en dressings bij \u00e8ggo. Laat je inspireren door ons aanbod.","breadcrumb":{"@id":"https:\/\/www.eggo.be\/nl\/onze-showrooms\/brussel\/#breadcrumb"},"inLanguage":"nl-NL","potentialAction":[{"@type":"ReadAction","target":["https:\/\/www.eggo.be\/nl\/onze-showrooms\/brussel\/"]}]},{"@type":"ImageObject","inLanguage":"nl-NL","@id":"https:\/\/www.eggo.be\/nl\/onze-showrooms\/brussel\/#primaryimage","url":"https:\/\/www.eggo.be\/wp-content\/uploads\/2025\/04\/eggo-namur-magasin-cuisines-placards-dressings.png","contentUrl":"https:\/\/www.eggo.be\/wp-content\/uploads\/2025\/04\/eggo-namur-magasin-cuisines-placards-dressings.png"},{"@type":"BreadcrumbList","@id":"https:\/\/www.eggo.be\/nl\/onze-showrooms\/brussel\/#breadcrumb","itemListElement":[{"@type":"ListItem","position":1,"name":"Home","item":"https:\/\/www.eggo.be\/nl\/"},{"@type":"ListItem","position":2,"name":"Showrooms","item":"https:\/\/www.eggo.be\/nl\/nos-showrooms\/"},{"@type":"ListItem","position":3,"name":"\u00c8ggo winkels in de provincie Brussel"}]},{"@type":"WebSite","@id":"https:\/\/www.eggo.be\/nl\/#website","url":"https:\/\/www.eggo.be\/nl\/","name":"\u00e8ggo","description":"","publisher":{"@id":"https:\/\/www.eggo.be\/nl\/#organization"},"potentialAction":[{"@type":"SearchAction","target":{"@type":"EntryPoint","urlTemplate":"https:\/\/www.eggo.be\/nl\/?s={search_term_string}"},"query-input":{"@type":"PropertyValueSpecification","valueRequired":true,"valueName":"search_term_string"}}],"inLanguage":"nl-NL"},{"@type":["Organization","Place"],"@id":"https:\/\/www.eggo.be\/nl\/#organization","name":"\u00e8ggo","alternateName":"eggo","url":"https:\/\/www.eggo.be\/nl\/","logo":{"@id":"https:\/\/www.eggo.be\/nl\/onze-showrooms\/brussel\/#local-main-organization-logo"},"image":{"@id":"https:\/\/www.eggo.be\/nl\/onze-showrooms\/brussel\/#local-main-organization-logo"},"sameAs":["https:\/\/www.facebook.com\/eggokitchen","https:\/\/www.linkedin.com\/company\/eggo\/"],"description":"Des cuisines et meubles de rangement de qualit\u00e9 \u00e0 des prix avantageux ! D\u00e9couvrez nos mod\u00e8les et prenez rendez-vous en ligne dans votre showroom \u00e8ggo.","telephone":[],"openingHoursSpecification":[{"@type":"OpeningHoursSpecification","dayOfWeek":["Monday","Tuesday","Wednesday","Thursday","Friday","Saturday","Sunday"],"opens":"09:00","closes":"17:00"}]},{"@type":"ImageObject","inLanguage":"nl-NL","@id":"https:\/\/www.eggo.be\/nl\/onze-showrooms\/brussel\/#local-main-organization-logo","url":"https:\/\/www.eggo.be\/wp-content\/uploads\/2025\/01\/Logo.png","contentUrl":"https:\/\/www.eggo.be\/wp-content\/uploads\/2025\/01\/Logo.png","width":88,"height":88,"caption":"\u00e8ggo"}]}},"meta_box":{"promotion_toggle":"0","small_featured_promotion_toggle":"0","promotion_icon":[],"promotion_description":"","promotion_period":"","promotion_link":"","promotion_bg_color":"#ffffff","promotion_text_color":"#fe5000","read_more_content":"","catalog_pdf":[]},"_links":{"self":[{"href":"https:\/\/www.eggo.be\/nl\/wp-json\/wp\/v2\/pages\/31184","targetHints":{"allow":["GET"]}}],"collection":[{"href":"https:\/\/www.eggo.be\/nl\/wp-json\/wp\/v2\/pages"}],"about":[{"href":"https:\/\/www.eggo.be\/nl\/wp-json\/wp\/v2\/types\/page"}],"author":[{"embeddable":true,"href":"https:\/\/www.eggo.be\/nl\/wp-json\/wp\/v2\/users\/1"}],"replies":[{"embeddable":true,"href":"https:\/\/www.eggo.be\/nl\/wp-json\/wp\/v2\/comments?post=31184"}],"version-history":[{"count":7,"href":"https:\/\/www.eggo.be\/nl\/wp-json\/wp\/v2\/pages\/31184\/revisions"}],"predecessor-version":[{"id":40112,"href":"https:\/\/www.eggo.be\/nl\/wp-json\/wp\/v2\/pages\/31184\/revisions\/40112"}],"up":[{"embeddable":true,"href":"https:\/\/www.eggo.be\/nl\/wp-json\/wp\/v2\/pages\/25479"}],"wp:attachment":[{"href":"https:\/\/www.eggo.be\/nl\/wp-json\/wp\/v2\/media?parent=31184"}],"curies":[{"name":"wp","href":"https:\/\/api.w.org\/{rel}","templated":true}]}}